{"id":441,"date":"2022-12-31T15:06:40","date_gmt":"2022-12-31T14:06:40","guid":{"rendered":"https:\/\/adanova.org\/?page_id=441"},"modified":"2025-06-04T11:43:26","modified_gmt":"2025-06-04T09:43:26","slug":"fr","status":"publish","type":"page","link":"https:\/\/adanova.org\/","title":{"rendered":"Adanova : c&rsquo;est quoi ?"},"content":{"rendered":"\n<p><strong>Vente de PlanetArt  !    A.G. du 27 juin 2025<\/strong><\/p>\n\n\n\n<p style=\"padding:30px;border-style: groove; box-sizing: content-box; background:linear-gradient(135deg,rgb(179,182,183) 0%,rgb(241,193,126) 100%); color:blue font-family: lucida-console; font-size: 18px; font-stretch: extra-expanded; text-align:justify\">\n\n\n\n<a href=\"https:\/\/adanova.org\/?page_id=1184\">  <b>&#8211; R\u00e9sultat du consensus des membres<\/b><\/a> \n<\/p>\n\n\n\n<div class=\"wp-block-cover\" style=\"min-height:305px\"><span aria-hidden=\"true\" class=\"wp-block-cover__background has-background-dim\"><\/span><img decoding=\"async\" loading=\"lazy\" width=\"2560\" height=\"1707\" class=\"wp-block-cover__image-background wp-image-375\" alt=\"\" src=\"https:\/\/adanova.org\/wp-content\/uploads\/2022\/12\/prendreDesNotes-scaled.jpg\" data-object-fit=\"cover\" srcset=\"https:\/\/adanova.org\/wp-content\/uploads\/2022\/12\/prendreDesNotes-scaled.jpg 2560w, https:\/\/adanova.org\/wp-content\/uploads\/2022\/12\/prendreDesNotes-300x200.jpg 300w, https:\/\/adanova.org\/wp-content\/uploads\/2022\/12\/prendreDesNotes-1024x683.jpg 1024w, https:\/\/adanova.org\/wp-content\/uploads\/2022\/12\/prendreDesNotes-768x512.jpg 768w, https:\/\/adanova.org\/wp-content\/uploads\/2022\/12\/prendreDesNotes-1536x1024.jpg 1536w, https:\/\/adanova.org\/wp-content\/uploads\/2022\/12\/prendreDesNotes-2048x1365.jpg 2048w, https:\/\/adanova.org\/wp-content\/uploads\/2022\/12\/prendreDesNotes-1200x800.jpg 1200w, https:\/\/adanova.org\/wp-content\/uploads\/2022\/12\/prendreDesNotes-1980x1320.jpg 1980w\" sizes=\"(max-width: 2560px) 100vw, 2560px\" \/><div class=\"wp-block-cover__inner-container\">\n<p class=\"has-text-align-center has-text-color has-larger-font-size\" style=\"color:#fbf6f6\"><em><strong>ASSOCIATION<br><br> D&rsquo;ACTIONNAIRES <br><br>DE CLARANOVA<\/strong><\/em><\/p>\n<\/div><\/div>\n\n\n\n<p style=\"padding:30px; box-sizing: content-box; background:linear-gradient(135deg,rgb(179,182,183) 0%,rgb(241,193,126) 100%); font-family: lucida-console; font-size: 18px; font-stretch: extra-expanded; text-align:justify\">La marque de fabrique de notre association est avant tout son mode de fonctionnement collaboratif, o\u00f9 chaque adh\u00e9rent est invit\u00e9 \u00e0 partager, \u00e0 cr\u00e9er et \u00e0 construire l&rsquo;identit\u00e9 m\u00eame du groupe. <br>Domicili\u00e9e en Normandie, l\u2019association est g\u00e9r\u00e9e par un bureau compos\u00e9 de 6 membres nomm\u00e9s par ses adh\u00e9rents.<\/p>\n\n\n\n<h6 class=\"has-text-align-center\">Association loi 1901,&nbsp;<strong>AdaNova&nbsp;<\/strong>se fixe plusieurs objectifs dont notamment :<\/h6>\n\n\n\n<p style=\"padding:30px; box-sizing: content-box; background:linear-gradient(135deg,rgb(179,182,183) 0%,rgb(241,193,126) 100%); font-family: lucida-console; font-size: 18px; font-stretch: extra-expanded; text-align:justify\">&#8211; de contrer une \u00e9ventuelle Offre Publique d\u2019Achat (OPA) plac\u00e9e \u00e0 l\u2019encontre de la Soci\u00e9t\u00e9 en constituant un bloc,<br><br>&#8211; d\u2019assurer la repr\u00e9sentativit\u00e9 de ses membres aux AG\/AGE de l&rsquo;entreprise,<br><br>&#8211; de faire valoir et d\u00e9fendre les int\u00e9r\u00eats et les droits de ses adh\u00e9rents,<br><br>&#8211; d&rsquo;informer ses adh\u00e9rents (discussions sur le forum autour des \u00e9l\u00e9ments connus, approfondissements, avis \u00e9clair\u00e9s) et d&rsquo;effectuer une veille concernant la vie de l&rsquo;entreprise.<\/p>\n\n\n\n<figure class=\"wp-block-image size-large\"><img decoding=\"async\" loading=\"lazy\" width=\"1024\" height=\"683\" src=\"https:\/\/adanova.org\/wp-content\/uploads\/2022\/12\/pieces_verre-1024x683.jpg\" alt=\"\" class=\"wp-image-146\" srcset=\"https:\/\/adanova.org\/wp-content\/uploads\/2022\/12\/pieces_verre-1024x683.jpg 1024w, https:\/\/adanova.org\/wp-content\/uploads\/2022\/12\/pieces_verre-300x200.jpg 300w, https:\/\/adanova.org\/wp-content\/uploads\/2022\/12\/pieces_verre-768x512.jpg 768w, https:\/\/adanova.org\/wp-content\/uploads\/2022\/12\/pieces_verre-1536x1024.jpg 1536w, https:\/\/adanova.org\/wp-content\/uploads\/2022\/12\/pieces_verre-2048x1365.jpg 2048w\" sizes=\"(max-width: 1024px) 100vw, 1024px\" \/><figcaption class=\"wp-element-caption\"><strong><em>Unis pour le respect de tous<\/em><\/strong><\/figcaption><\/figure>\n","protected":false},"excerpt":{"rendered":"<p>Vente de PlanetArt ! A.G. du 27 juin 2025 &#8211; R\u00e9sultat du consensus des membres La marque de fabrique de notre association est avant tout son mode de fonctionnement collaboratif, o\u00f9 chaque adh\u00e9rent est invit\u00e9 \u00e0 partager, \u00e0 cr\u00e9er et \u00e0 construire l&rsquo;identit\u00e9 m\u00eame du groupe. Domicili\u00e9e en Normandie, l\u2019association est g\u00e9r\u00e9e par un bureau [&hellip;]<\/p>\n","protected":false},"author":1,"featured_media":0,"parent":0,"menu_order":0,"comment_status":"closed","ping_status":"closed","template":"","meta":[],"_links":{"self":[{"href":"https:\/\/adanova.org\/index.php?rest_route=\/wp\/v2\/pages\/441"}],"collection":[{"href":"https:\/\/adanova.org\/index.php?rest_route=\/wp\/v2\/pages"}],"about":[{"href":"https:\/\/adanova.org\/index.php?rest_route=\/wp\/v2\/types\/page"}],"author":[{"embeddable":true,"href":"https:\/\/adanova.org\/index.php?rest_route=\/wp\/v2\/users\/1"}],"replies":[{"embeddable":true,"href":"https:\/\/adanova.org\/index.php?rest_route=%2Fwp%2Fv2%2Fcomments&post=441"}],"version-history":[{"count":49,"href":"https:\/\/adanova.org\/index.php?rest_route=\/wp\/v2\/pages\/441\/revisions"}],"predecessor-version":[{"id":1188,"href":"https:\/\/adanova.org\/index.php?rest_route=\/wp\/v2\/pages\/441\/revisions\/1188"}],"wp:attachment":[{"href":"https:\/\/adanova.org\/index.php?rest_route=%2Fwp%2Fv2%2Fmedia&parent=441"}],"curies":[{"name":"wp","href":"https:\/\/api.w.org\/{rel}","templated":true}]}}